{"id":164,"date":"2020-04-01T08:29:36","date_gmt":"2020-04-01T08:29:36","guid":{"rendered":"https:\/\/demosoledad.pencidesign.net\/soledad-mobile-payment-multipurpose\/?page_id=6"},"modified":"2022-02-07T12:14:31","modified_gmt":"2022-02-07T12:14:31","slug":"soledad_home","status":"publish","type":"page","link":"https:\/\/transicionlocal2030.aupex.org\/","title":{"rendered":"Transici\u00f3n Local 2030"},"content":{"rendered":"\t\t<div data-elementor-type=\"wp-page\" data-elementor-id=\"164\" class=\"elementor elementor-164\">\n\t\t\t\t\t\t<section class=\"penci-section penci-disSticky penci-structure-10 elementor-section elementor-top-section elementor-element elementor-element-e1054d9 elementor-section-boxed elementor-section-height-default elementor-section-height-default\" data-id=\"e1054d9\" data-element_type=\"section\" data-e-type=\"section\" data-settings=\"{&quot;background_background&quot;:&quot;classic&quot;}\">\n\t\t\t\t\t\t<div class=\"elementor-container elementor-column-gap-no\">\n\t\t\t\t\t<div class=\"penci-ercol-100 penci-ercol-order-1 penci-sticky-ct  elementor-column elementor-col-100 elementor-top-column elementor-element elementor-element-f255f59\" data-id=\"f255f59\" data-element_type=\"column\" data-e-type=\"column\">\n\t\t\t<div class=\"elementor-widget-wrap elementor-element-populated\">\n\t\t\t\t\t\t<section class=\"penci-section penci-disSticky penci-structure-22 elementor-section elementor-inner-section elementor-element elementor-element-58d7fa1 elementor-section-boxed elementor-section-height-default elementor-section-height-default\" data-id=\"58d7fa1\" data-element_type=\"section\" data-e-type=\"section\">\n\t\t\t\t\t\t<div class=\"elementor-container elementor-column-gap-no\">\n\t\t\t\t\t<div class=\"penci-ercol-66 penci-ercol-order-1 penci-sticky-ct  elementor-column elementor-col-66 elementor-inner-column elementor-element elementor-element-0417008\" data-id=\"0417008\" data-element_type=\"column\" data-e-type=\"column\">\n\t\t\t<div class=\"elementor-widget-wrap elementor-element-populated\">\n\t\t\t\t\t\t<div class=\"elementor-element elementor-element-4cfc78a elementor-widget elementor-widget-image\" data-id=\"4cfc78a\" data-element_type=\"widget\" data-e-type=\"widget\" data-widget_type=\"image.default\">\n\t\t\t\t<div class=\"elementor-widget-container\">\n\t\t\t\t\t\t\t\t\t\t\t\t\t\t\t<img fetchpriority=\"high\" decoding=\"async\" width=\"367\" height=\"378\" src=\"https:\/\/transicionlocal2030.aupex.org\/wp-content\/uploads\/2022\/01\/img_central_3.png\" class=\"attachment-full size-full wp-image-523\" alt=\"\" srcset=\"https:\/\/transicionlocal2030.aupex.org\/wp-content\/uploads\/2022\/01\/img_central_3.png 367w, https:\/\/transicionlocal2030.aupex.org\/wp-content\/uploads\/2022\/01\/img_central_3-291x300.png 291w\" sizes=\"(max-width: 367px) 100vw, 367px\" \/>\t\t\t\t\t\t\t\t\t\t\t\t\t\t\t<\/div>\n\t\t\t\t<\/div>\n\t\t\t\t\t<\/div>\n\t\t<\/div>\n\t\t\t\t<div class=\"penci-ercol-33 penci-ercol-order-2 penci-sticky-sb penci-sidebarSC elementor-column elementor-col-33 elementor-inner-column elementor-element elementor-element-2b0eb1f\" data-id=\"2b0eb1f\" data-element_type=\"column\" data-e-type=\"column\">\n\t\t\t<div class=\"elementor-widget-wrap elementor-element-populated\">\n\t\t\t\t\t\t<div class=\"elementor-element elementor-element-3a38d56 elementor-widget elementor-widget-penci-fancy_heading\" data-id=\"3a38d56\" data-element_type=\"widget\" data-e-type=\"widget\" data-widget_type=\"penci-fancy_heading.default\">\n\t\t\t\t<div class=\"elementor-widget-container\">\n\t\t\t\t\t\t\t<div class=\"penci-fancy-heading penci-heading-text-left\">\r\n\t\t\t<div class=\"penci-fancy-heading-inner\">\r\n\t\t\t\t<div class=\"penci-heading-subtitle\">proyectos para el Desarrollo Sostenible Local<\/div><h2 class=\"penci-heading-title\">TRANSICI\u00d3N LOCAL 2030<\/h2>\t\t\t<\/div>\r\n\t\t<\/div>\r\n\t\t\t\t\t\t<\/div>\n\t\t\t\t<\/div>\n\t\t\t\t<div class=\"elementor-element elementor-element-e02312a elementor-align-left elementor-widget elementor-widget-button\" data-id=\"e02312a\" data-element_type=\"widget\" data-e-type=\"widget\" data-widget_type=\"button.default\">\n\t\t\t\t<div class=\"elementor-widget-container\">\n\t\t\t\t\t\t\t\t\t<div class=\"elementor-button-wrapper\">\n\t\t\t\t\t<a class=\"elementor-button elementor-button-link elementor-size-md\" href=\"https:\/\/transicionlocal2030.aupex.org\/wp-content\/uploads\/2022\/02\/Dossier-informativo.pdf\" target=\"_blank\">\n\t\t\t\t\t\t<span class=\"elementor-button-content-wrapper\">\n\t\t\t\t\t\t\t\t\t<span class=\"elementor-button-text\">m\u00e1s info<\/span>\n\t\t\t\t\t<\/span>\n\t\t\t\t\t<\/a>\n\t\t\t\t<\/div>\n\t\t\t\t\t\t\t\t<\/div>\n\t\t\t\t<\/div>\n\t\t\t\t\t<\/div>\n\t\t<\/div>\n\t\t\t\t\t<\/div>\n\t\t<\/section>\n\t\t\t\t\t<\/div>\n\t\t<\/div>\n\t\t\t\t\t<\/div>\n\t\t<\/section>\n\t\t\t\t<section class=\"penci-section penci-disSticky penci-structure-10 elementor-section elementor-top-section elementor-element elementor-element-35ab0b2 elementor-section-content-middle elementor-section-boxed elementor-section-height-default elementor-section-height-default\" data-id=\"35ab0b2\" data-element_type=\"section\" data-e-type=\"section\">\n\t\t\t\t\t\t<div class=\"elementor-container elementor-column-gap-wider\">\n\t\t\t\t\t<div class=\"penci-ercol-100 penci-ercol-order-1 penci-sticky-ct  elementor-column elementor-col-100 elementor-top-column elementor-element elementor-element-43d1964\" data-id=\"43d1964\" data-element_type=\"column\" data-e-type=\"column\">\n\t\t\t<div class=\"elementor-widget-wrap elementor-element-populated\">\n\t\t\t\t\t\t<div class=\"elementor-element elementor-element-07281f5 elementor-widget elementor-widget-image\" data-id=\"07281f5\" data-element_type=\"widget\" data-e-type=\"widget\" data-widget_type=\"image.default\">\n\t\t\t\t<div class=\"elementor-widget-container\">\n\t\t\t\t\t\t\t\t\t\t\t\t\t\t\t<img decoding=\"async\" width=\"1024\" height=\"62\" src=\"https:\/\/transicionlocal2030.aupex.org\/wp-content\/uploads\/2022\/01\/logos_ODS-1024x62.png\" class=\"attachment-large size-large wp-image-355\" alt=\"ODS\" srcset=\"https:\/\/transicionlocal2030.aupex.org\/wp-content\/uploads\/2022\/01\/logos_ODS-1024x62.png 1024w, https:\/\/transicionlocal2030.aupex.org\/wp-content\/uploads\/2022\/01\/logos_ODS-300x18.png 300w, https:\/\/transicionlocal2030.aupex.org\/wp-content\/uploads\/2022\/01\/logos_ODS-768x47.png 768w, https:\/\/transicionlocal2030.aupex.org\/wp-content\/uploads\/2022\/01\/logos_ODS-1536x93.png 1536w, https:\/\/transicionlocal2030.aupex.org\/wp-content\/uploads\/2022\/01\/logos_ODS-1920x116.png 1920w, https:\/\/transicionlocal2030.aupex.org\/wp-content\/uploads\/2022\/01\/logos_ODS-1170x71.png 1170w, https:\/\/transicionlocal2030.aupex.org\/wp-content\/uploads\/2022\/01\/logos_ODS-585x35.png 585w, https:\/\/transicionlocal2030.aupex.org\/wp-content\/uploads\/2022\/01\/logos_ODS.png 2048w\" sizes=\"(max-width: 1024px) 100vw, 1024px\" \/>\t\t\t\t\t\t\t\t\t\t\t\t\t\t\t<\/div>\n\t\t\t\t<\/div>\n\t\t\t\t\t<\/div>\n\t\t<\/div>\n\t\t\t\t\t<\/div>\n\t\t<\/section>\n\t\t\t\t<section class=\"penci-section penci-disSticky penci-structure-20 elementor-section elementor-top-section elementor-element elementor-element-3c1812c elementor-section-content-middle elementor-section-boxed elementor-section-height-default elementor-section-height-default\" data-id=\"3c1812c\" data-element_type=\"section\" data-e-type=\"section\" id=\"cursos\">\n\t\t\t\t\t\t<div class=\"elementor-container elementor-column-gap-wider\">\n\t\t\t\t\t<div class=\"penci-ercol-50 penci-ercol-order-1 penci-sticky-ct  elementor-column elementor-col-50 elementor-top-column elementor-element elementor-element-44286b0\" data-id=\"44286b0\" data-element_type=\"column\" data-e-type=\"column\">\n\t\t\t<div class=\"elementor-widget-wrap elementor-element-populated\">\n\t\t\t\t\t\t<div class=\"elementor-element elementor-element-d2f5ae8 elementor-widget elementor-widget-image\" data-id=\"d2f5ae8\" data-element_type=\"widget\" data-e-type=\"widget\" data-widget_type=\"image.default\">\n\t\t\t\t<div class=\"elementor-widget-container\">\n\t\t\t\t\t\t\t\t\t\t\t\t\t\t\t<img decoding=\"async\" width=\"1024\" height=\"859\" src=\"https:\/\/transicionlocal2030.aupex.org\/wp-content\/uploads\/2022\/01\/img_formacion-1024x859.jpg\" class=\"attachment-large size-large wp-image-381\" alt=\"formacion_e-learning\" srcset=\"https:\/\/transicionlocal2030.aupex.org\/wp-content\/uploads\/2022\/01\/img_formacion-1024x859.jpg 1024w, https:\/\/transicionlocal2030.aupex.org\/wp-content\/uploads\/2022\/01\/img_formacion-300x252.jpg 300w, https:\/\/transicionlocal2030.aupex.org\/wp-content\/uploads\/2022\/01\/img_formacion-768x645.jpg 768w, https:\/\/transicionlocal2030.aupex.org\/wp-content\/uploads\/2022\/01\/img_formacion-1170x982.jpg 1170w, https:\/\/transicionlocal2030.aupex.org\/wp-content\/uploads\/2022\/01\/img_formacion-585x491.jpg 585w, https:\/\/transicionlocal2030.aupex.org\/wp-content\/uploads\/2022\/01\/img_formacion.jpg 1220w\" sizes=\"(max-width: 1024px) 100vw, 1024px\" \/>\t\t\t\t\t\t\t\t\t\t\t\t\t\t\t<\/div>\n\t\t\t\t<\/div>\n\t\t\t\t\t<\/div>\n\t\t<\/div>\n\t\t\t\t<div class=\"penci-ercol-50 penci-ercol-order-2 penci-sticky-ct  elementor-column elementor-col-50 elementor-top-column elementor-element elementor-element-d62cfff\" data-id=\"d62cfff\" data-element_type=\"column\" data-e-type=\"column\">\n\t\t\t<div class=\"elementor-widget-wrap elementor-element-populated\">\n\t\t\t\t\t\t<div class=\"elementor-element elementor-element-9dd9689 elementor-widget elementor-widget-penci-fancy_heading\" data-id=\"9dd9689\" data-element_type=\"widget\" data-e-type=\"widget\" data-widget_type=\"penci-fancy_heading.default\">\n\t\t\t\t<div class=\"elementor-widget-container\">\n\t\t\t\t\t\t\t<div class=\"penci-fancy-heading penci-heading-text-left\">\r\n\t\t\t<div class=\"penci-fancy-heading-inner\">\r\n\t\t\t\t<div class=\"penci-heading-subtitle\">metodolog\u00eda e-learning<\/div><h2 class=\"penci-heading-title\">PROCESOS FORMATIVOS<\/h2><div class=\"penci-heading-content entry-content\"><p>Un proyecto que apuesta por generar propuestas de desarrollo en su municipio. <B>\u00a1INSCR\u00cdBETE!<\/B><\/p>\n<\/div>\t\t\t<\/div>\r\n\t\t<\/div>\r\n\t\t\t\t\t\t<\/div>\n\t\t\t\t<\/div>\n\t\t\t\t<div class=\"elementor-element elementor-element-7dee707 elementor-widget elementor-widget-penci-info-box\" data-id=\"7dee707\" data-element_type=\"widget\" data-e-type=\"widget\" data-widget_type=\"penci-info-box.default\">\n\t\t\t\t<div class=\"elementor-widget-container\">\n\t\t\t\t\t\t\t<div id=\"penci_info_box_63963\" class=\"penci-block-vc penci-info-box penci-ibox-float-left penci-view-stacked penci-shape-circle\">\r\n\t\t\t<div class=\"penci-ibox-inner penci-animation-grow\">\r\n\t\t\t\t\t\t\t\t<div class=\"penci-ibox-icon penci-ibox-icon--icon penci-icon penci-tibox-icon\"><a class=\"penci-ibox-icon-fa-fix\" href=\"https:\/\/universidadpopularabierta.org\/transicion-ecologica-2030-ruta-local-por-la-sostenibilidad\/\" target=\"_blank\"><\/a><a class=\"penci-ibox-icon-fa\" href=\"https:\/\/universidadpopularabierta.org\/transicion-ecologica-2030-ruta-local-por-la-sostenibilidad\/\" target=\"_blank\"><i class=\"penci-ibox-icon--i fa fa-globe\" aria-hidden=\"true\"><\/i><\/a><\/div>\t\t\t\t<div class=\"penci-ibox-content-wrap\">\r\n\t\t\t\t\t\t\t\t\t\t<h3 class=\"penci-ibox-title\">Transici\u00f3n ecol\u00f3gica 2030. Ruta local por la sostenibilidad<\/h3>\t\t\t\t\t\t\t\t\t\t<div class=\"penci-ibox-content\"><p>Esta lucha la debemos aprovechar como palanca para modernizar el modelo productivo generando crecimiento sostenible, potenciar la innovaci\u00f3n y crear empleos de calidad.<\/p>\n<\/div>\t\t\t\t\t\t\t\t\t<\/div>\r\n\t\t\t<\/div>\r\n\t\t<\/div>\r\n\t\t\t\t\t\t<\/div>\n\t\t\t\t<\/div>\n\t\t\t\t<div class=\"elementor-element elementor-element-7d4a550 elementor-widget elementor-widget-penci-info-box\" data-id=\"7d4a550\" data-element_type=\"widget\" data-e-type=\"widget\" data-widget_type=\"penci-info-box.default\">\n\t\t\t\t<div class=\"elementor-widget-container\">\n\t\t\t\t\t\t\t<div id=\"penci_info_box_95236\" class=\"penci-block-vc penci-info-box penci-ibox-float-left penci-view-stacked penci-shape-circle\">\r\n\t\t\t<div class=\"penci-ibox-inner penci-animation-grow\">\r\n\t\t\t\t\t\t\t\t<div class=\"penci-ibox-icon penci-ibox-icon--icon penci-icon penci-tibox-icon\"><a class=\"penci-ibox-icon-fa-fix\" href=\"https:\/\/universidadpopularabierta.org\/transicion-digital-2030-hoja-de-ruta-municipalista-para-la-decada-digital\/\" target=\"_blank\"><\/a><a class=\"penci-ibox-icon-fa\" href=\"https:\/\/universidadpopularabierta.org\/transicion-digital-2030-hoja-de-ruta-municipalista-para-la-decada-digital\/\" target=\"_blank\"><i class=\"penci-ibox-icon--i fa fa-laptop\" aria-hidden=\"true\"><\/i><\/a><\/div>\t\t\t\t<div class=\"penci-ibox-content-wrap\">\r\n\t\t\t\t\t\t\t\t\t\t<h3 class=\"penci-ibox-title\">Transici\u00f3n digital 2030. Hoja de ruta municipal para la d\u00e9cada digital<\/h3>\t\t\t\t\t\t\t\t\t\t<div class=\"penci-ibox-content\"><p>La transformaci\u00f3n digital va mucho m\u00e1s all\u00e1 del uso de herramientas tecnol\u00f3gicas, es un proceso continuado y encaminado a la implantaci\u00f3n transversal de procesos tecnol\u00f3gicos en una organizaci\u00f3n.<\/p>\n<\/div>\t\t\t\t\t\t\t\t\t<\/div>\r\n\t\t\t<\/div>\r\n\t\t<\/div>\r\n\t\t\t\t\t\t<\/div>\n\t\t\t\t<\/div>\n\t\t\t\t<div class=\"elementor-element elementor-element-6622201 elementor-widget elementor-widget-penci-info-box\" data-id=\"6622201\" data-element_type=\"widget\" data-e-type=\"widget\" data-widget_type=\"penci-info-box.default\">\n\t\t\t\t<div class=\"elementor-widget-container\">\n\t\t\t\t\t\t\t<div id=\"penci_info_box_77246\" class=\"penci-block-vc penci-info-box penci-ibox-float-left penci-view-stacked penci-shape-circle\">\r\n\t\t\t<div class=\"penci-ibox-inner penci-animation-grow\">\r\n\t\t\t\t\t\t\t\t<div class=\"penci-ibox-icon penci-ibox-icon--icon penci-icon penci-tibox-icon\"><a class=\"penci-ibox-icon-fa-fix\" href=\"https:\/\/universidadpopularabierta.org\/atencion-integral-y-sistema-de-cuidados-desde-la-economia-plateada\/\" target=\"_blank\"><\/a><a class=\"penci-ibox-icon-fa\" href=\"https:\/\/universidadpopularabierta.org\/atencion-integral-y-sistema-de-cuidados-desde-la-economia-plateada\/\" target=\"_blank\"><i class=\"penci-ibox-icon--i fa fa-street-view\" aria-hidden=\"true\"><\/i><\/a><\/div>\t\t\t\t<div class=\"penci-ibox-content-wrap\">\r\n\t\t\t\t\t\t\t\t\t\t<h3 class=\"penci-ibox-title\">Atenci\u00f3n integral y sistema de cuidados desde la econom\u00eda plateada<\/h3>\t\t\t\t\t\t\t\t\t\t<div class=\"penci-ibox-content\"><p>Debemos configurar las bases de un nuevo modelo de atenci\u00f3n y cuidados, donde los municipios tienen que ser la voz m\u00e1s autorizada, pues son ellos los principales proveedores de estos servicios.<\/p>\n<\/div>\t\t\t\t\t\t\t\t\t<\/div>\r\n\t\t\t<\/div>\r\n\t\t<\/div>\r\n\t\t\t\t\t\t<\/div>\n\t\t\t\t<\/div>\n\t\t\t\t\t<\/div>\n\t\t<\/div>\n\t\t\t\t\t<\/div>\n\t\t<\/section>\n\t\t\t\t<section class=\"penci-section penci-disSticky penci-structure-20 elementor-section elementor-top-section elementor-element elementor-element-1d22d26 elementor-section-boxed elementor-section-height-default elementor-section-height-default\" data-id=\"1d22d26\" data-element_type=\"section\" data-e-type=\"section\">\n\t\t\t\t\t\t<div class=\"elementor-container elementor-column-gap-default\">\n\t\t\t\t\t<div class=\"penci-ercol-50 penci-ercol-order-1 penci-sticky-ct  elementor-column elementor-col-50 elementor-top-column elementor-element elementor-element-0aa16df\" data-id=\"0aa16df\" data-element_type=\"column\" data-e-type=\"column\">\n\t\t\t<div class=\"elementor-widget-wrap elementor-element-populated\">\n\t\t\t\t\t\t<div class=\"elementor-element elementor-element-55aa7fb elementor-widget elementor-widget-image\" data-id=\"55aa7fb\" data-element_type=\"widget\" data-e-type=\"widget\" data-widget_type=\"image.default\">\n\t\t\t\t<div class=\"elementor-widget-container\">\n\t\t\t\t\t\t\t\t\t\t\t\t\t\t\t<img loading=\"lazy\" decoding=\"async\" width=\"300\" height=\"165\" src=\"https:\/\/transicionlocal2030.aupex.org\/wp-content\/uploads\/2022\/01\/aexcid-300x165.png\" class=\"attachment-medium size-medium wp-image-314\" alt=\"AEXCID\" srcset=\"https:\/\/transicionlocal2030.aupex.org\/wp-content\/uploads\/2022\/01\/aexcid-300x165.png 300w, https:\/\/transicionlocal2030.aupex.org\/wp-content\/uploads\/2022\/01\/aexcid-768x421.png 768w, https:\/\/transicionlocal2030.aupex.org\/wp-content\/uploads\/2022\/01\/aexcid-585x321.png 585w, https:\/\/transicionlocal2030.aupex.org\/wp-content\/uploads\/2022\/01\/aexcid.png 986w\" sizes=\"(max-width: 300px) 100vw, 300px\" \/>\t\t\t\t\t\t\t\t\t\t\t\t\t\t\t<\/div>\n\t\t\t\t<\/div>\n\t\t\t\t\t<\/div>\n\t\t<\/div>\n\t\t\t\t<div class=\"penci-ercol-50 penci-ercol-order-2 penci-sticky-ct  elementor-column elementor-col-50 elementor-top-column elementor-element elementor-element-a5401dc\" data-id=\"a5401dc\" data-element_type=\"column\" data-e-type=\"column\">\n\t\t\t<div class=\"elementor-widget-wrap elementor-element-populated\">\n\t\t\t\t\t\t<div class=\"elementor-element elementor-element-9a9e286 elementor-widget elementor-widget-image\" data-id=\"9a9e286\" data-element_type=\"widget\" data-e-type=\"widget\" data-widget_type=\"image.default\">\n\t\t\t\t<div class=\"elementor-widget-container\">\n\t\t\t\t\t\t\t\t\t\t\t\t\t\t\t<img loading=\"lazy\" decoding=\"async\" width=\"300\" height=\"136\" src=\"https:\/\/transicionlocal2030.aupex.org\/wp-content\/uploads\/2022\/01\/Logo_AUPEX_ODS1-300x136.png\" class=\"attachment-medium size-medium wp-image-315\" alt=\"\" srcset=\"https:\/\/transicionlocal2030.aupex.org\/wp-content\/uploads\/2022\/01\/Logo_AUPEX_ODS1-300x136.png 300w, https:\/\/transicionlocal2030.aupex.org\/wp-content\/uploads\/2022\/01\/Logo_AUPEX_ODS1-1024x464.png 1024w, https:\/\/transicionlocal2030.aupex.org\/wp-content\/uploads\/2022\/01\/Logo_AUPEX_ODS1-768x348.png 768w, https:\/\/transicionlocal2030.aupex.org\/wp-content\/uploads\/2022\/01\/Logo_AUPEX_ODS1-1170x530.png 1170w, https:\/\/transicionlocal2030.aupex.org\/wp-content\/uploads\/2022\/01\/Logo_AUPEX_ODS1-585x265.png 585w, https:\/\/transicionlocal2030.aupex.org\/wp-content\/uploads\/2022\/01\/Logo_AUPEX_ODS1.png 1280w\" sizes=\"(max-width: 300px) 100vw, 300px\" \/>\t\t\t\t\t\t\t\t\t\t\t\t\t\t\t<\/div>\n\t\t\t\t<\/div>\n\t\t\t\t\t<\/div>\n\t\t<\/div>\n\t\t\t\t\t<\/div>\n\t\t<\/section>\n\t\t\t\t<\/div>\n\t\t","protected":false},"excerpt":{"rendered":"<p>proyectos para el Desarrollo Sostenible Local TRANSICI\u00d3N LOCAL 2030 m\u00e1s info metodolog\u00eda e-learning PROCESOS FORMATIVOS Un proyecto que apuesta por generar propuestas de desarrollo en su municipio. \u00a1INSCR\u00cdBETE! Transici\u00f3n ecol\u00f3gica&hellip;<\/p>\n","protected":false},"author":1,"featured_media":0,"parent":0,"menu_order":0,"comment_status":"closed","ping_status":"closed","template":"page-fullwidth.php","meta":{"footnotes":""},"class_list":["post-164","page","type-page","status-publish","hentry"],"_links":{"self":[{"href":"https:\/\/transicionlocal2030.aupex.org\/index.php\/wp-json\/wp\/v2\/pages\/164","targetHints":{"allow":["GET"]}}],"collection":[{"href":"https:\/\/transicionlocal2030.aupex.org\/index.php\/wp-json\/wp\/v2\/pages"}],"about":[{"href":"https:\/\/transicionlocal2030.aupex.org\/index.php\/wp-json\/wp\/v2\/types\/page"}],"author":[{"embeddable":true,"href":"https:\/\/transicionlocal2030.aupex.org\/index.php\/wp-json\/wp\/v2\/users\/1"}],"replies":[{"embeddable":true,"href":"https:\/\/transicionlocal2030.aupex.org\/index.php\/wp-json\/wp\/v2\/comments?post=164"}],"version-history":[{"count":204,"href":"https:\/\/transicionlocal2030.aupex.org\/index.php\/wp-json\/wp\/v2\/pages\/164\/revisions"}],"predecessor-version":[{"id":631,"href":"https:\/\/transicionlocal2030.aupex.org\/index.php\/wp-json\/wp\/v2\/pages\/164\/revisions\/631"}],"wp:attachment":[{"href":"https:\/\/transicionlocal2030.aupex.org\/index.php\/wp-json\/wp\/v2\/media?parent=164"}],"curies":[{"name":"wp","href":"https:\/\/api.w.org\/{rel}","templated":true}]}}